{"id":11,"date":"2023-10-04T22:15:33","date_gmt":"2023-10-04T20:15:33","guid":{"rendered":"http:\/\/fouleesaintbricoise.fr\/?page_id=11"},"modified":"2026-04-06T23:19:50","modified_gmt":"2026-04-06T21:19:50","slug":"inscriptions","status":"publish","type":"page","link":"http:\/\/fouleesaintbricoise.fr\/?page_id=11","title":{"rendered":"Inscriptions"},"content":{"rendered":"\n<p><strong><mark style=\"background-color:rgba(0, 0, 0, 0)\" class=\"has-inline-color has-black-color\">Toute inscription ne sera valid\u00e9e qu&rsquo;apr\u00e8s<\/mark><\/strong><mark style=\"background-color:rgba(0, 0, 0, 0)\" class=\"has-inline-color has-vivid-red-color\"><strong> r\u00e9ception des documents obligatoires suivants ainsi que du r\u00e8glement en <a href=\"https:\/\/fr.peyce.com\/event\/foulee-saint-bricoise-5324\" target=\"_blank\" rel=\"noopener\" title=\"\">cliquant sur le lien<\/a> ou en scannant le QR CODE ci-dessous<\/strong><\/mark><\/p>\n\n\n\n<p><a href=\"http:\/\/fouleesaintbricoise.fr\/?page_id=85\" target=\"_blank\" rel=\"noopener\" title=\"Documents\"><mark style=\"background-color:rgba(0, 0, 0, 0)\" class=\"has-inline-color has-vivid-cyan-blue-color\">Cliquer ici afin de T\u00e9l\u00e9charger les documents \u00e0 envoyer par mail lors de l&rsquo;inscription<\/mark><\/a><\/p>\n\n\n\n<p><a href=\"http:\/\/fouleesaintbricoise.fr\/?page_id=1168\" rel=\"nofollow\" title=\"Cliquer ici pour les inscriptions collectives (Clubs ou groupes)\">Cliquer ici pour les inscriptions collectives (Clubs ou groupes)<\/a><\/p>\n\n\n\n<div class=\"wp-block-columns is-layout-flex wp-container-core-columns-is-layout-9d6595d7 wp-block-columns-is-layout-flex\">\n<div class=\"wp-block-column is-layout-flow wp-block-column-is-layout-flow\">\n<p><\/p>\n\n\n\n<p class=\"has-text-align-right\"><strong>Payer son inscription<\/strong>:<br><a href=\"https:\/\/fr.peyce.com\/event\/foulee-saint-bricoise-5324\" target=\"_blank\" rel=\"noopener\" title=\"\">Cliquer ici<\/a> <\/p>\n\n\n\n<p class=\"has-text-align-right\">ou <\/p>\n\n\n\n<p class=\"has-text-align-right\">scanner le QR CODE<\/p>\n<\/div>\n\n\n\n<div class=\"wp-block-column is-layout-flow wp-block-column-is-layout-flow\">\n<figure class=\"wp-block-image size-large is-resized\"><img loading=\"lazy\" decoding=\"async\" width=\"824\" height=\"1024\" src=\"http:\/\/fouleesaintbricoise.fr\/wp-content\/uploads\/2024\/01\/Peyce-QrCode-Foulee-Saint-Bricoise-1-824x1024.png\" alt=\"\" class=\"wp-image-191\" style=\"width:152px;height:auto\" srcset=\"http:\/\/fouleesaintbricoise.fr\/wp-content\/uploads\/2024\/01\/Peyce-QrCode-Foulee-Saint-Bricoise-1-824x1024.png 824w, http:\/\/fouleesaintbricoise.fr\/wp-content\/uploads\/2024\/01\/Peyce-QrCode-Foulee-Saint-Bricoise-1-242x300.png 242w, http:\/\/fouleesaintbricoise.fr\/wp-content\/uploads\/2024\/01\/Peyce-QrCode-Foulee-Saint-Bricoise-1-768x954.png 768w, http:\/\/fouleesaintbricoise.fr\/wp-content\/uploads\/2024\/01\/Peyce-QrCode-Foulee-Saint-Bricoise-1-1237x1536.png 1237w, http:\/\/fouleesaintbricoise.fr\/wp-content\/uploads\/2024\/01\/Peyce-QrCode-Foulee-Saint-Bricoise-1-1649x2048.png 1649w, http:\/\/fouleesaintbricoise.fr\/wp-content\/uploads\/2024\/01\/Peyce-QrCode-Foulee-Saint-Bricoise-1-48x60.png 48w\" sizes=\"auto, (max-width: 824px) 100vw, 824px\" \/><\/figure>\n<\/div>\n<\/div>\n\n\n\n<p class=\"has-text-align-center\"><strong><a href=\"https:\/\/fr.milesrepublic.com\/registrants\/75dec9b5-b8ff-41d1-8ee5-c63e36c46579\" target=\"_blank\" rel=\"noopener\" title=\"\"><mark style=\"background-color:#ffffff\" class=\"has-inline-color\">Voir la liste des inscrits<\/mark><\/a><\/strong><\/p>\n\n\n\n<p><\/p>\n","protected":false},"excerpt":{"rendered":"<p>Toute inscription ne sera valid\u00e9e qu&rsquo;apr\u00e8s r\u00e9ception des documents obligatoires suivants ainsi que du r\u00e8glement en cliquant sur le lien ou en scannant le QR &hellip; <\/p>\n","protected":false},"author":1,"featured_media":0,"parent":0,"menu_order":0,"comment_status":"closed","ping_status":"closed","template":"","meta":{"om_disable_all_campaigns":false,"_monsterinsights_skip_tracking":false,"_monsterinsights_sitenote_active":false,"_monsterinsights_sitenote_note":"","_monsterinsights_sitenote_category":0,"footnotes":""},"class_list":["post-11","page","type-page","status-publish","hentry"],"aioseo_notices":[],"_links":{"self":[{"href":"http:\/\/fouleesaintbricoise.fr\/index.php?rest_route=\/wp\/v2\/pages\/11","targetHints":{"allow":["GET"]}}],"collection":[{"href":"http:\/\/fouleesaintbricoise.fr\/index.php?rest_route=\/wp\/v2\/pages"}],"about":[{"href":"http:\/\/fouleesaintbricoise.fr\/index.php?rest_route=\/wp\/v2\/types\/page"}],"author":[{"embeddable":true,"href":"http:\/\/fouleesaintbricoise.fr\/index.php?rest_route=\/wp\/v2\/users\/1"}],"replies":[{"embeddable":true,"href":"http:\/\/fouleesaintbricoise.fr\/index.php?rest_route=%2Fwp%2Fv2%2Fcomments&post=11"}],"version-history":[{"count":16,"href":"http:\/\/fouleesaintbricoise.fr\/index.php?rest_route=\/wp\/v2\/pages\/11\/revisions"}],"predecessor-version":[{"id":1320,"href":"http:\/\/fouleesaintbricoise.fr\/index.php?rest_route=\/wp\/v2\/pages\/11\/revisions\/1320"}],"wp:attachment":[{"href":"http:\/\/fouleesaintbricoise.fr\/index.php?rest_route=%2Fwp%2Fv2%2Fmedia&parent=11"}],"curies":[{"name":"wp","href":"https:\/\/api.w.org\/{rel}","templated":true}]}}