{"id":85,"date":"2023-10-16T21:46:23","date_gmt":"2023-10-16T19:46:23","guid":{"rendered":"http:\/\/fouleesaintbricoise.fr\/?page_id=85"},"modified":"2026-03-16T23:36:35","modified_gmt":"2026-03-16T22:36:35","slug":"documents","status":"publish","type":"page","link":"http:\/\/fouleesaintbricoise.fr\/?page_id=85","title":{"rendered":"Documents"},"content":{"rendered":"\n<div data-wp-interactive=\"core\/file\" class=\"wp-block-file\"><object data-wp-bind--hidden=\"!state.hasPdfPreview\" hidden class=\"wp-block-file__embed\" data=\"http:\/\/fouleesaintbricoise.fr\/wp-content\/uploads\/2026\/03\/Bulletin-2026-P1-P4-derniere-mise-a-jour-16-03-2026.pdf\" type=\"application\/pdf\" style=\"width:100%;height:600px\" aria-label=\"Contenu embarqu\u00e9 Bulletin 2026 - P1 - P4 derni\u00e8re mise \u00e0 jour 16 03 2026.\"><\/object><a id=\"wp-block-file--media-46ee3a1b-6f6f-42c6-bd82-4397b6a72312\" href=\"http:\/\/fouleesaintbricoise.fr\/wp-content\/uploads\/2026\/03\/Bulletin-2026-P1-P4-derniere-mise-a-jour-16-03-2026.pdf\">Bulletin 2026 &#8211; P1 &#8211; P4 derni\u00e8re mise \u00e0 jour 16 03 2026<\/a><a href=\"http:\/\/fouleesaintbricoise.fr\/wp-content\/uploads\/2026\/03\/Bulletin-2026-P1-P4-derniere-mise-a-jour-16-03-2026.pdf\" class=\"wp-block-file__button wp-element-button\" download aria-describedby=\"wp-block-file--media-46ee3a1b-6f6f-42c6-bd82-4397b6a72312\">T\u00e9l\u00e9charger<\/a><\/div>\n\n\n\n<div data-wp-interactive=\"core\/file\" class=\"wp-block-file\"><object data-wp-bind--hidden=\"!state.hasPdfPreview\" hidden class=\"wp-block-file__embed\" data=\"http:\/\/fouleesaintbricoise.fr\/wp-content\/uploads\/2025\/09\/ATTESTATION-modele-pour-les-mineurs-pour-2026-1.pdf\" type=\"application\/pdf\" style=\"width:100%;height:600px\" aria-label=\"Contenu embarqu\u00e9 ATTESTATION mod\u00e8le pour les mineurs pour 2026.\"><\/object><a id=\"wp-block-file--media-5cf9dd5b-fbe6-41f5-b91d-c17796337d42\" href=\"http:\/\/fouleesaintbricoise.fr\/wp-content\/uploads\/2025\/09\/ATTESTATION-modele-pour-les-mineurs-pour-2026-1.pdf\">ATTESTATION mod\u00e8le pour les mineurs pour 2026<\/a><a href=\"http:\/\/fouleesaintbricoise.fr\/wp-content\/uploads\/2025\/09\/ATTESTATION-modele-pour-les-mineurs-pour-2026-1.pdf\" class=\"wp-block-file__button wp-element-button\" download aria-describedby=\"wp-block-file--media-5cf9dd5b-fbe6-41f5-b91d-c17796337d42\">T\u00e9l\u00e9charger<\/a><\/div>\n","protected":false},"excerpt":{"rendered":"","protected":false},"author":1,"featured_media":0,"parent":0,"menu_order":0,"comment_status":"closed","ping_status":"closed","template":"","meta":{"om_disable_all_campaigns":false,"_monsterinsights_skip_tracking":false,"_monsterinsights_sitenote_active":false,"_monsterinsights_sitenote_note":"","_monsterinsights_sitenote_category":0,"footnotes":""},"class_list":["post-85","page","type-page","status-publish","hentry"],"aioseo_notices":[],"_links":{"self":[{"href":"http:\/\/fouleesaintbricoise.fr\/index.php?rest_route=\/wp\/v2\/pages\/85","targetHints":{"allow":["GET"]}}],"collection":[{"href":"http:\/\/fouleesaintbricoise.fr\/index.php?rest_route=\/wp\/v2\/pages"}],"about":[{"href":"http:\/\/fouleesaintbricoise.fr\/index.php?rest_route=\/wp\/v2\/types\/page"}],"author":[{"embeddable":true,"href":"http:\/\/fouleesaintbricoise.fr\/index.php?rest_route=\/wp\/v2\/users\/1"}],"replies":[{"embeddable":true,"href":"http:\/\/fouleesaintbricoise.fr\/index.php?rest_route=%2Fwp%2Fv2%2Fcomments&post=85"}],"version-history":[{"count":13,"href":"http:\/\/fouleesaintbricoise.fr\/index.php?rest_route=\/wp\/v2\/pages\/85\/revisions"}],"predecessor-version":[{"id":1275,"href":"http:\/\/fouleesaintbricoise.fr\/index.php?rest_route=\/wp\/v2\/pages\/85\/revisions\/1275"}],"wp:attachment":[{"href":"http:\/\/fouleesaintbricoise.fr\/index.php?rest_route=%2Fwp%2Fv2%2Fmedia&parent=85"}],"curies":[{"name":"wp","href":"https:\/\/api.w.org\/{rel}","templated":true}]}}